{"id":261,"date":"2025-06-03T16:27:07","date_gmt":"2025-06-03T20:27:07","guid":{"rendered":"https:\/\/lactalisconnect.ca\/?page_id=261"},"modified":"2025-06-19T16:37:57","modified_gmt":"2025-06-19T20:37:57","slug":"lcc-2025-registration","status":"publish","type":"page","link":"https:\/\/lactalisconnect.ca\/","title":{"rendered":"LCC 2025 Teaser"},"content":{"rendered":"\n<figure class=\"wp-block-image aligncenter size-large is-resized\"><img loading=\"lazy\" decoding=\"async\" width=\"1017\" height=\"1024\" src=\"https:\/\/lactalisconnect.ca\/wp-content\/uploads\/2025\/06\/LCC25-Logo-1017x1024.png\" alt=\"\" class=\"wp-image-264\" style=\"width:281px;height:auto\" srcset=\"https:\/\/lactalisconnect.ca\/wp-content\/uploads\/2025\/06\/LCC25-Logo-1017x1024.png 1017w, https:\/\/lactalisconnect.ca\/wp-content\/uploads\/2025\/06\/LCC25-Logo-298x300.png 298w, https:\/\/lactalisconnect.ca\/wp-content\/uploads\/2025\/06\/LCC25-Logo-150x150.png 150w, https:\/\/lactalisconnect.ca\/wp-content\/uploads\/2025\/06\/LCC25-Logo-768x773.png 768w, https:\/\/lactalisconnect.ca\/wp-content\/uploads\/2025\/06\/LCC25-Logo-1526x1536.png 1526w, https:\/\/lactalisconnect.ca\/wp-content\/uploads\/2025\/06\/LCC25-Logo-2035x2048.png 2035w\" sizes=\"auto, (max-width: 1017px) 100vw, 1017px\" \/><\/figure>\n\n\n\n<p class=\"has-text-align-center has-small-font-size\">Watch our annual all-employee event as we recognize our company\u2019s achievements, learn about our corporate goals, get a look at what\u2019s ahead, and celebrate our people, including our 2024 Lactalis Canada Champions and Leadership Role Model award recipients!<\/p>\n\n\n\n<p><\/p>\n\n\n\n<p class=\"has-text-align-center has-medium-font-size\" style=\"padding-top:var(--wp--preset--spacing--30);padding-right:var(--wp--preset--spacing--80);padding-bottom:var(--wp--preset--spacing--30);padding-left:var(--wp--preset--spacing--80)\"><strong><strong>REGISTER HERE<\/strong><\/strong> : <a href=\"https:\/\/forms.office.com\/r\/TjxpHPeySQ\">https:\/\/forms.office.com\/r\/TjxpHPeySQ<\/a><\/p>\n\n\n\n<p class=\"has-text-align-center has-medium-font-size\" style=\"padding-top:var(--wp--preset--spacing--30);padding-right:var(--wp--preset--spacing--80);padding-bottom:var(--wp--preset--spacing--30);padding-left:var(--wp--preset--spacing--80)\"><strong>REGISTRATION BONUS: <\/strong>All employees who register and watch the show will automatically be entered into a draw to win some fantastic prizes, including a $500 Air Canada Gift Card, Beats Headphones, Apple TV HD and $100 Amazon, and 100+ various gift cards.<\/p>\n\n\n\n<p>**************************************************************************************<\/p>\n\n\n\n<figure class=\"wp-block-image aligncenter size-large is-resized\"><img loading=\"lazy\" decoding=\"async\" width=\"1017\" height=\"1024\" src=\"https:\/\/lactalisconnect.ca\/wp-content\/uploads\/2025\/06\/LCC25-Logo-1017x1024.png\" alt=\"\" class=\"wp-image-264\" style=\"width:281px;height:auto\" srcset=\"https:\/\/lactalisconnect.ca\/wp-content\/uploads\/2025\/06\/LCC25-Logo-1017x1024.png 1017w, https:\/\/lactalisconnect.ca\/wp-content\/uploads\/2025\/06\/LCC25-Logo-298x300.png 298w, https:\/\/lactalisconnect.ca\/wp-content\/uploads\/2025\/06\/LCC25-Logo-150x150.png 150w, https:\/\/lactalisconnect.ca\/wp-content\/uploads\/2025\/06\/LCC25-Logo-768x773.png 768w, https:\/\/lactalisconnect.ca\/wp-content\/uploads\/2025\/06\/LCC25-Logo-1526x1536.png 1526w, https:\/\/lactalisconnect.ca\/wp-content\/uploads\/2025\/06\/LCC25-Logo-2035x2048.png 2035w\" sizes=\"auto, (max-width: 1017px) 100vw, 1017px\" \/><\/figure>\n\n\n\n<p class=\"has-text-align-center has-small-font-size\">Assistez \u00e0 notre \u00e9v\u00e9nement annuel r\u00e9unissant tous les employ\u00e9s pour c\u00e9l\u00e9brer les r\u00e9alisations de notre entreprise, d\u00e9couvrir nos objectifs, avoir un aper\u00e7u de ce qui nous attend et rendre hommage \u00e0 nos collaborateurs, notamment aux laur\u00e9ats des prix Lactalis Canada Champions et Leadership Role Model 2024 !<\/p>\n\n\n\n<p class=\"has-text-align-center has-medium-font-size\" style=\"padding-top:var(--wp--preset--spacing--30);padding-right:var(--wp--preset--spacing--80);padding-bottom:var(--wp--preset--spacing--30);padding-left:var(--wp--preset--spacing--80)\"><strong>INSCRIVEZ-VOUS ICI <\/strong>: <a href=\"https:\/\/forms.office.com\/r\/TjxpHPeySQ\">https:\/\/forms.office.com\/r\/TjxpHPeySQ<\/a><\/p>\n\n\n\n<p class=\"has-text-align-center has-medium-font-size\" style=\"padding-top:var(--wp--preset--spacing--30);padding-right:var(--wp--preset--spacing--80);padding-bottom:var(--wp--preset--spacing--30);padding-left:var(--wp--preset--spacing--80)\"><strong>BONUS D&#8217;INSCRIPTION : <\/strong>Tous les employ\u00e9s qui s&#8217;inscrivent et regardent l&#8217;\u00e9mission participeront automatiquement \u00e0 un tirage au sort pour gagner des prix fantastiques, notamment une carte-cadeau Air Canada d&#8217;une valeur de 500 $, un casque Beats, une Apple TV HD, une carte-cadeau Amazon d&#8217;une valeur de 100 $ et plus de 100 cartes-cadeaux diverses.<\/p>\n","protected":false},"excerpt":{"rendered":"<p>Watch our annual all-employee event as we recognize our company\u2019s achievements, learn about our corporate goals, get a look at what\u2019s ahead, and celebrate our people, including our 2024 Lactalis Canada Champions and Leadership Role Model award recipients! REGISTER HERE : https:\/\/forms.office.com\/r\/TjxpHPeySQ REGISTRATION BONUS: All employees who register and watch the show will automatically be [&hellip;]<\/p>\n","protected":false},"author":1,"featured_media":0,"parent":0,"menu_order":0,"comment_status":"closed","ping_status":"closed","template":"","meta":{"footnotes":""},"class_list":["post-261","page","type-page","status-publish","hentry"],"_links":{"self":[{"href":"https:\/\/lactalisconnect.ca\/index.php?rest_route=\/wp\/v2\/pages\/261","targetHints":{"allow":["GET"]}}],"collection":[{"href":"https:\/\/lactalisconnect.ca\/index.php?rest_route=\/wp\/v2\/pages"}],"about":[{"href":"https:\/\/lactalisconnect.ca\/index.php?rest_route=\/wp\/v2\/types\/page"}],"author":[{"embeddable":true,"href":"https:\/\/lactalisconnect.ca\/index.php?rest_route=\/wp\/v2\/users\/1"}],"replies":[{"embeddable":true,"href":"https:\/\/lactalisconnect.ca\/index.php?rest_route=%2Fwp%2Fv2%2Fcomments&post=261"}],"version-history":[{"count":14,"href":"https:\/\/lactalisconnect.ca\/index.php?rest_route=\/wp\/v2\/pages\/261\/revisions"}],"predecessor-version":[{"id":291,"href":"https:\/\/lactalisconnect.ca\/index.php?rest_route=\/wp\/v2\/pages\/261\/revisions\/291"}],"wp:attachment":[{"href":"https:\/\/lactalisconnect.ca\/index.php?rest_route=%2Fwp%2Fv2%2Fmedia&parent=261"}],"curies":[{"name":"wp","href":"https:\/\/api.w.org\/{rel}","templated":true}]}}